{"id":1300,"date":"2020-08-29T03:41:01","date_gmt":"2020-08-29T03:41:01","guid":{"rendered":"https:\/\/docdaya.ec\/?page_id=1300"},"modified":"2023-10-16T22:42:17","modified_gmt":"2023-10-17T03:42:17","slug":"about","status":"publish","type":"page","link":"https:\/\/docdaya.ec\/?page_id=1300","title":{"rendered":"Sobre Mi"},"content":{"rendered":"\n<div class=\"wp-block-uagb-container uagb-block-ec1aa8b7 alignfull uagb-is-root-container\"><div class=\"uagb-container__shape uagb-container__shape-bottom uagb-container__invert\" data-negative=\"false\"><svg xmlns=\"https:\/\/www.w3.org\/2000\/svg\" viewBox=\"0 0 1000 100\" preserveAspectRatio=\"none\"><path class=\"uagb-container__shape-fill\" d=\"M421.9,6.5c22.6-2.5,51.5,0.4,75.5,5.3c23.6,4.9,70.9,23.5,100.5,35.7c75.8,32.2,133.7,44.5,192.6,49.7  c23.6,2.1,48.7,3.5,103.4-2.5c54.7-6,106.2-25.6,106.2-25.6V0H0v30.3c0,0,72,32.6,158.4,30.5c39.2-0.7,92.8-6.7,134-22.4  c21.2-8.1,52.2-18.2,79.7-24.2C399.3,7.9,411.6,7.5,421.9,6.5z\"><\/path><\/svg><\/div><div class=\"uagb-container-inner-blocks-wrap\">\n<div class=\"wp-block-uagb-advanced-heading uagb-block-77574ea9\"><h1 class=\"uagb-heading-text\">Sobre Mi\u200b<\/h1><\/div>\n<\/div><\/div>\n\n\n\n<div class=\"wp-block-uagb-container uagb-block-944088e0 alignfull uagb-is-root-container\"><div class=\"uagb-container-inner-blocks-wrap\">\n<div class=\"wp-block-uagb-container uagb-block-3c11182d\">\n<figure class=\"wp-block-image size-full\"><img loading=\"lazy\" decoding=\"async\" width=\"750\" height=\"750\" src=\"https:\/\/docdaya.ec\/wp-content\/uploads\/2023\/10\/daya.jpg\" alt=\"\" class=\"wp-image-1874\" srcset=\"https:\/\/docdaya.ec\/wp-content\/uploads\/2023\/10\/daya.jpg 750w, https:\/\/docdaya.ec\/wp-content\/uploads\/2023\/10\/daya-300x300.jpg 300w, https:\/\/docdaya.ec\/wp-content\/uploads\/2023\/10\/daya-150x150.jpg 150w\" sizes=\"auto, (max-width: 750px) 100vw, 750px\" \/><\/figure>\n<\/div>\n\n\n\n<div class=\"wp-block-uagb-container uagb-block-b1511348\">\n<div class=\"wp-block-uagb-advanced-heading uagb-block-c021fbf8\"><h2 class=\"uagb-heading-text\">Sobre Mi<\/h2><\/div>\n\n\n\n<div class=\"wp-block-uagb-advanced-heading uagb-block-00f18e57\"><h5 class=\"uagb-heading-text\">M\u00e9dico, Mami &amp; Mujer <\/h5><p class=\"uagb-desc-text\">Mi nombre es Dayanna, al llegar a Cuenca, ciudad donde vivo y tengo mi centro, las personas empezaron a llamarme Daya, creo que aqu\u00ed todos tenemos un apodo, es como formar parte de esta comunidad. As\u00ed naci\u00f3 Doc Daya, el nombre por el que me conocen todos ac\u00e1. <\/p><\/div>\n\n\n\n<p>Estudie Medicina en la Universidad de Guayaquil, tuve una trayectoria muy bonita como anatomista durante mi formaci\u00f3n. Durante la Pandemia, con un bebe reci\u00e9n nacido, un ni\u00f1o de tres a\u00f1os y el miedo que sentimos todos, decid\u00ed darle un giro a mi carrera y dedicarme al cuidado personal, centr\u00e1ndome en el cuidado profesional de la piel, al estudio del proceso de envejecimiento y as\u00ed naci\u00f3 mi deseo de compartir mi conocimiento con ustedes, y poder transformarnos en este apasionante camino. <\/p>\n\n\n\n<p>Sigo prepar\u00e1ndome en cada oportunidad, realice una Maestr\u00eda en Medicina Est\u00e9tica, Antienvejecimiento &amp; Nutrici\u00f3n; estudie un Diplomado en Dermocosmiatria, Puedo atenderte en espa\u00f1ol y domino muy bien el idioma alem\u00e1n. Me encanta compartir por redes sociales mis experiencias y un poco del d\u00eda a d\u00eda de un centro est\u00e9tico que integra la ciencia y el arte al servicio de tu piel. S\u00edgueme y empecemos a conocernos. <\/p>\n\n\n\n<p><\/p>\n\n\n\n<div class=\"wp-block-uagb-advanced-heading uagb-block-29f7082f\"><h3 class=\"uagb-heading-text\">Dra. Dayanna Mena\u200b<\/h3><\/div>\n\n\n\n<div class=\"wp-block-uagb-icon-list uagb-block-56ade55c\"><div class=\"uagb-icon-list__wrap\">\n<div class=\"wp-block-uagb-icon-list-child uagb-block-a4e5c35e\"><span class=\"uagb-icon-list__source-wrap\"><svg xmlns=\"https:\/\/www.w3.org\/2000\/svg\" viewBox=\"0 0 512 512\"><path d=\"M511.2 387l-23.25 100.8c-3.266 14.25-15.79 24.22-30.46 24.22C205.2 512 0 306.8 0 54.5c0-14.66 9.969-27.2 24.22-30.45l100.8-23.25C139.7-2.602 154.7 5.018 160.8 18.92l46.52 108.5c5.438 12.78 1.77 27.67-8.98 36.45L144.5 207.1c33.98 69.22 90.26 125.5 159.5 159.5l44.08-53.8c8.688-10.78 23.69-14.51 36.47-8.975l108.5 46.51C506.1 357.2 514.6 372.4 511.2 387z\"><\/path><\/svg><\/span><span class=\"uagb-icon-list__label\">+593 960 77 88 03\u200b<\/span><\/div>\n\n\n\n<div class=\"wp-block-uagb-icon-list-child uagb-block-50b15fdc\"><span class=\"uagb-icon-list__source-wrap\"><svg xmlns=\"https:\/\/www.w3.org\/2000\/svg\" viewBox=\"0 0 512 512\"><path d=\"M464 64C490.5 64 512 85.49 512 112C512 127.1 504.9 141.3 492.8 150.4L275.2 313.6C263.8 322.1 248.2 322.1 236.8 313.6L19.2 150.4C7.113 141.3 0 127.1 0 112C0 85.49 21.49 64 48 64H464zM217.6 339.2C240.4 356.3 271.6 356.3 294.4 339.2L512 176V384C512 419.3 483.3 448 448 448H64C28.65 448 0 419.3 0 384V176L217.6 339.2z\"><\/path><\/svg><\/span><span class=\"uagb-icon-list__label\">info@docdaya.ec\u200b<\/span><\/div>\n<\/div><\/div>\n<\/div>\n<\/div><\/div>\n","protected":false},"excerpt":{"rendered":"<p>Sobre Mi\u200b Sobre Mi M\u00e9dico, Mami &amp; Mujer Mi nombre es Dayanna, al llegar a Cuenca, ciudad donde vivo y tengo mi centro, las personas empezaron a llamarme Daya, creo que aqu\u00ed todos tenemos un apodo, es como formar parte de esta comunidad. As\u00ed naci\u00f3 Doc Daya, el nombre por el que me conocen todos [&hellip;]<\/p>\n","protected":false},"author":1,"featured_media":0,"parent":0,"menu_order":0,"comment_status":"closed","ping_status":"closed","template":"","meta":{"_uag_custom_page_level_css":"","site-sidebar-layout":"no-sidebar","site-content-layout":"plain-container","ast-site-content-layout":"normal-width-container","site-content-style":"unboxed","site-sidebar-style":"unboxed","ast-global-header-display":"","ast-banner-title-visibility":"","ast-main-header-display":"","ast-hfb-above-header-display":"","ast-hfb-below-header-display":"","ast-hfb-mobile-header-display":"","site-post-title":"disabled","ast-breadcrumbs-content":"","ast-featured-img":"disabled","footer-sml-layout":"","theme-transparent-header-meta":"enabled","adv-header-id-meta":"","stick-header-meta":"","header-above-stick-meta":"","header-main-stick-meta":"","header-below-stick-meta":"","astra-migrate-meta-layouts":"set","ast-page-background-enabled":"default","ast-page-background-meta":{"desktop":{"background-color":"","background-image":"","background-repeat":"repeat","background-position":"center center","background-size":"auto","background-attachment":"scroll","background-type":"","background-media":"","overlay-type":"","overlay-color":"","overlay-opacity":"","overlay-gradient":""},"tablet":{"background-color":"","background-image":"","background-repeat":"repeat","background-position":"center center","background-size":"auto","background-attachment":"scroll","background-type":"","background-media":"","overlay-type":"","overlay-color":"","overlay-opacity":"","overlay-gradient":""},"mobile":{"background-color":"","background-image":"","background-repeat":"repeat","background-position":"center center","background-size":"auto","background-attachment":"scroll","background-type":"","background-media":"","overlay-type":"","overlay-color":"","overlay-opacity":"","overlay-gradient":""}},"ast-content-background-meta":{"desktop":{"background-color":"var(--ast-global-color-5)","background-image":"","background-repeat":"repeat","background-position":"center center","background-size":"auto","background-attachment":"scroll","background-type":"","background-media":"","overlay-type":"","overlay-color":"","overlay-opacity":"","overlay-gradient":""},"tablet":{"background-color":"var(--ast-global-color-5)","background-image":"","background-repeat":"repeat","background-position":"center center","background-size":"auto","background-attachment":"scroll","background-type":"","background-media":"","overlay-type":"","overlay-color":"","overlay-opacity":"","overlay-gradient":""},"mobile":{"background-color":"var(--ast-global-color-5)","background-image":"","background-repeat":"repeat","background-position":"center center","background-size":"auto","background-attachment":"scroll","background-type":"","background-media":"","overlay-type":"","overlay-color":"","overlay-opacity":"","overlay-gradient":""}},"footnotes":""},"class_list":["post-1300","page","type-page","status-publish","hentry"],"uagb_featured_image_src":{"full":false,"thumbnail":false,"medium":false,"medium_large":false,"large":false,"1536x1536":false,"2048x2048":false},"uagb_author_info":{"display_name":"admin","author_link":"https:\/\/docdaya.ec\/?author=1"},"uagb_comment_info":0,"uagb_excerpt":"Sobre Mi\u200b Sobre Mi M\u00e9dico, Mami &amp; Mujer Mi nombre es Dayanna, al llegar a Cuenca, ciudad donde vivo y tengo mi centro, las personas empezaron a llamarme Daya, creo que aqu\u00ed todos tenemos un apodo, es como formar parte de esta comunidad. As\u00ed naci\u00f3 Doc Daya, el nombre por el que me conocen todos&hellip;","_links":{"self":[{"href":"https:\/\/docdaya.ec\/index.php?rest_route=\/wp\/v2\/pages\/1300","targetHints":{"allow":["GET"]}}],"collection":[{"href":"https:\/\/docdaya.ec\/index.php?rest_route=\/wp\/v2\/pages"}],"about":[{"href":"https:\/\/docdaya.ec\/index.php?rest_route=\/wp\/v2\/types\/page"}],"author":[{"embeddable":true,"href":"https:\/\/docdaya.ec\/index.php?rest_route=\/wp\/v2\/users\/1"}],"replies":[{"embeddable":true,"href":"https:\/\/docdaya.ec\/index.php?rest_route=%2Fwp%2Fv2%2Fcomments&post=1300"}],"version-history":[{"count":9,"href":"https:\/\/docdaya.ec\/index.php?rest_route=\/wp\/v2\/pages\/1300\/revisions"}],"predecessor-version":[{"id":1959,"href":"https:\/\/docdaya.ec\/index.php?rest_route=\/wp\/v2\/pages\/1300\/revisions\/1959"}],"wp:attachment":[{"href":"https:\/\/docdaya.ec\/index.php?rest_route=%2Fwp%2Fv2%2Fmedia&parent=1300"}],"curies":[{"name":"wp","href":"https:\/\/api.w.org\/{rel}","templated":true}]}}