{"id":1299,"date":"2020-08-29T03:41:01","date_gmt":"2020-08-29T03:41:01","guid":{"rendered":"https:\/\/docdaya.ec\/?page_id=1299"},"modified":"2023-10-16T21:38:27","modified_gmt":"2023-10-17T02:38:27","slug":"home","status":"publish","type":"page","link":"https:\/\/docdaya.ec\/","title":{"rendered":"Home"},"content":{"rendered":"\n<div class=\"wp-block-uagb-container uagb-block-0b347915 alignfull uagb-is-root-container\"><div class=\"uagb-container__shape uagb-container__shape-bottom uagb-container__invert\" data-negative=\"false\"><svg xmlns=\"https:\/\/www.w3.org\/2000\/svg\" viewBox=\"0 0 1000 100\" preserveAspectRatio=\"none\"><path class=\"uagb-container__shape-fill\" d=\"M421.9,6.5c22.6-2.5,51.5,0.4,75.5,5.3c23.6,4.9,70.9,23.5,100.5,35.7c75.8,32.2,133.7,44.5,192.6,49.7  c23.6,2.1,48.7,3.5,103.4-2.5c54.7-6,106.2-25.6,106.2-25.6V0H0v30.3c0,0,72,32.6,158.4,30.5c39.2-0.7,92.8-6.7,134-22.4  c21.2-8.1,52.2-18.2,79.7-24.2C399.3,7.9,411.6,7.5,421.9,6.5z\"><\/path><\/svg><\/div><div class=\"uagb-container-inner-blocks-wrap\">\n<div class=\"wp-block-uagb-container uagb-block-e8f4335c\">\n<div class=\"wp-block-uagb-advanced-heading uagb-block-ea20a4ac\"><h4 class=\"uagb-heading-text\">Challuabamba, Cuenca<\/h4><\/div>\n\n\n\n<div class=\"wp-block-uagb-advanced-heading uagb-block-4a56c4cc\"><h2 class=\"uagb-heading-text\">Centro Est\u00e9tico\u200b Integral Doc Daya <\/h2><p class=\"uagb-desc-text\">\u200bTe espero para que empecemos a sentirnos bien en nuestra propia piel <\/p><\/div>\n\n\n\n<div class=\"wp-block-uagb-buttons uagb-buttons__outer-wrap uagb-btn__default-btn uagb-btn-tablet__default-btn uagb-btn-mobile__default-btn uagb-block-23c263de\"><div class=\"uagb-buttons__wrap uagb-buttons-layout-wrap\">\n<div class=\"wp-block-uagb-buttons-child uagb-buttons__outer-wrap uagb-block-f81a7d93 wp-block-button\"><div class=\"uagb-button__wrapper\"><a class=\"uagb-buttons-repeater wp-block-button__link\" href=\"https:\/\/wa.link\/2ab99j\" onclick=\"return true;\" rel=\"follow noopener\" target=\"_self\"><div class=\"uagb-button__link\">ContactAME AHORA<\/div><\/a><\/div><\/div>\n<\/div><\/div>\n<\/div>\n<\/div><\/div>\n\n\n\n<div class=\"wp-block-uagb-container uagb-block-0575e694 alignfull uagb-is-root-container\"><div class=\"uagb-container-inner-blocks-wrap\">\n<div class=\"wp-block-uagb-advanced-heading uagb-block-b24bda7e\"><h2 class=\"uagb-heading-text\">Servicios que te ofrezco <\/h2><p class=\"uagb-desc-text\">.<\/p><\/div>\n\n\n\n<div class=\"wp-block-uagb-container uagb-block-497b6d5d\">\n<div class=\"wp-block-uagb-container uagb-block-eb5c580f\">\n<div class=\"wp-block-uagb-advanced-heading uagb-block-13f08b6a\"><h4 class=\"uagb-heading-text\">Limpieza Facial Profunda<\/h4><p class=\"uagb-desc-text\">Otro nivel de higienizaci\u00f3n facial, con productos altamente calificados y de la mano de Doc Daya, donde adaptaremos nuestros protocolos a las necesidades de tu piel  <\/p><\/div>\n<\/div>\n\n\n\n<div class=\"wp-block-uagb-container uagb-block-719859ce\">\n<div class=\"wp-block-uagb-advanced-heading uagb-block-f17c8b53\"><h4 class=\"uagb-heading-text\">Peeling y Mesopeeling <\/h4><p class=\"uagb-desc-text\">Tratamientos t\u00f3picos para regenerar tu piel y hacerla lucir luminosa y saludable <\/p><\/div>\n<\/div>\n\n\n\n<div class=\"wp-block-uagb-container uagb-block-95800b52\">\n<div class=\"wp-block-uagb-advanced-heading uagb-block-9bdca43f\"><h4 class=\"uagb-heading-text\">Tratamientos Antiage <\/h4><p class=\"uagb-desc-text\">Combinaci\u00f3n de t\u00e9cnicas para lograr una apariencia m\u00e1s saludable y reducci\u00f3n de arrugas superficiales y mejor\u00eda del aspecto apagado y sin vida de la piel<\/p><\/div>\n<\/div>\n\n\n\n<div class=\"wp-block-uagb-container uagb-block-4017b4a4\">\n<div class=\"wp-block-uagb-advanced-heading uagb-block-ca7dc0ba\"><h4 class=\"uagb-heading-text\">Tratamientos Reductores de Medidas  <\/h4><p class=\"uagb-desc-text\">Combinaciones personalizadas entre m\u00e1quinas y masajes corporales para lograr reducir cent\u00edmetros de tu silueta <\/p><\/div>\n<\/div>\n\n\n\n<div class=\"wp-block-uagb-container uagb-block-a780b371\">\n<div class=\"wp-block-uagb-advanced-heading uagb-block-34f298a3\"><h4 class=\"uagb-heading-text\">Cocteles Vitam\u00ednicos <\/h4><p class=\"uagb-desc-text\">Las necesidades de tu piel son diferentes a lo largo de tu vida por ello nuestras mesoterapias con personalizadas, ofrecemos adem\u00e1s NCTF 135 HA el l\u00edder mundial de pieles bellas<\/p><\/div>\n<\/div>\n\n\n\n<div class=\"wp-block-uagb-container uagb-block-44bd1969\">\n<div class=\"wp-block-uagb-advanced-heading uagb-block-b951428c\"><h4 class=\"uagb-heading-text\">Tratamiento de Ojeras<\/h4><p class=\"uagb-desc-text\">Tratamiento integral de la zona periocular con cocteles revitalizantes, despigmentantes o peelings localizados<\/p><\/div>\n<\/div>\n<\/div>\n<\/div><\/div>\n\n\n\n<div class=\"wp-block-uagb-container uagb-block-630e45c0 alignfull uagb-is-root-container\"><div class=\"uagb-container-inner-blocks-wrap\">\n<div class=\"wp-block-uagb-container uagb-block-821d6037\">\n<div class=\"wp-block-uagb-image uagb-block-390aec39 wp-block-uagb-image--layout-default wp-block-uagb-image--effect-static wp-block-uagb-image--align-none\"><figure class=\"wp-block-uagb-image__figure\"><img decoding=\"async\" srcset=\"https:\/\/docdaya.ec\/wp-content\/uploads\/2023\/10\/logo-1024x1024.png ,https:\/\/docdaya.ec\/wp-content\/uploads\/2023\/10\/logo.png 780w, https:\/\/docdaya.ec\/wp-content\/uploads\/2023\/10\/logo.png 360w\" sizes=\"auto, (max-width: 480px) 150px\" src=\"https:\/\/docdaya.ec\/wp-content\/uploads\/2023\/10\/logo-1024x1024.png\" alt=\"\" class=\"uag-image-1943\" width=\"1080\" height=\"1080\" title=\"\" loading=\"lazy\"\/><\/figure><\/div>\n<\/div>\n\n\n\n<div class=\"wp-block-uagb-container uagb-block-32e62e7c\">\n<div class=\"wp-block-uagb-advanced-heading uagb-block-7eb7d5aa\"><h2 class=\"uagb-heading-text\">Agenda tu Cita<\/h2><p class=\"uagb-desc-text\">Promocion especial para tu primera cita <\/p><\/div>\n<\/div>\n\n\n\n<div class=\"wp-block-uagb-container uagb-block-61c02f09\">\n<div class=\"wp-block-uagb-buttons uagb-buttons__outer-wrap uagb-btn__default-btn uagb-btn-tablet__default-btn uagb-btn-mobile__default-btn uagb-block-fbbbb290\"><div class=\"uagb-buttons__wrap uagb-buttons-layout-wrap\">\n<div class=\"wp-block-uagb-buttons-child uagb-buttons__outer-wrap uagb-block-f74d6c12 wp-block-button\"><div class=\"uagb-button__wrapper\"><a class=\"uagb-buttons-repeater wp-block-button__link\" href=\"https:\/\/wa.link\/2ab99j\" onclick=\"return true;\" rel=\"follow noopener\" target=\"_self\"><div class=\"uagb-button__link\">WHATS APP <\/div><\/a><\/div><\/div>\n<\/div><\/div>\n<\/div>\n<\/div><\/div>\n\n\n\n<div class=\"wp-block-uagb-container uagb-block-3b2c7ba1 alignfull uagb-is-root-container\"><div class=\"uagb-container-inner-blocks-wrap\"><\/div><\/div>\n\n\n\n<div class=\"wp-block-uagb-container uagb-block-062490a1 alignfull uagb-is-root-container\"><div class=\"uagb-container-inner-blocks-wrap\">\n<div class=\"wp-block-uagb-container uagb-block-58be58a5\">\n<div class=\"wp-block-uagb-advanced-heading uagb-block-1d18aff0\"><h2 class=\"uagb-heading-text\">Limpieza Facial\u200b<\/h2><div class=\"uagb-separator\"><\/div><\/div>\n\n\n\n<div class=\"wp-block-uagb-advanced-heading uagb-block-ac039296\"><h5 class=\"uagb-heading-text\">BASICA <\/h5><p class=\"uagb-desc-text\">A partir de $ 35 <\/p><\/div>\n<\/div>\n\n\n\n<div class=\"wp-block-uagb-container uagb-block-f0d95494\">\n<div class=\"wp-block-uagb-advanced-heading uagb-block-7dd66240\"><h2 class=\"uagb-heading-text\">Tratamientos Reductores <\/h2><div class=\"uagb-separator\"><\/div><\/div>\n\n\n\n<div class=\"wp-block-uagb-advanced-heading uagb-block-76e1a525\"><h5 class=\"uagb-heading-text\">DESDE <\/h5><p class=\"uagb-desc-text\">$ 120<\/p><\/div>\n<\/div>\n\n\n\n<div class=\"wp-block-uagb-container uagb-block-2b134859\">\n<div class=\"wp-block-uagb-advanced-heading uagb-block-55036222\"><h2 class=\"uagb-heading-text\">Tratamientos antiaging<\/h2><div class=\"uagb-separator\"><\/div><\/div>\n\n\n\n<div class=\"wp-block-uagb-advanced-heading uagb-block-f7b18b30\"><h5 class=\"uagb-heading-text\">SESION DE PEELING <\/h5><p class=\"uagb-desc-text\">A partir de $65<\/p><\/div>\n<\/div>\n\n\n\n<div class=\"wp-block-uagb-container uagb-block-aea72776\">\n<div class=\"wp-block-uagb-advanced-heading uagb-block-fcf84bf7\"><h2 class=\"uagb-heading-text\">Skin Care\u200b <\/h2><div class=\"uagb-separator\"><\/div><\/div>\n\n\n\n<div class=\"wp-block-uagb-advanced-heading uagb-block-29997a6e\"><h5 class=\"uagb-heading-text\">Rutinas Personalizadas<\/h5><p class=\"uagb-desc-text\">10% de descuento post tratamientos <\/p><\/div>\n<\/div>\n<\/div><\/div>\n\n\n\n<div class=\"wp-block-uagb-container uagb-block-d4bddd1c alignfull uagb-is-root-container\"><div class=\"uagb-container-inner-blocks-wrap\">\n<div class=\"wp-block-uagb-advanced-heading uagb-block-b0b4fa45\"><h2 class=\"uagb-heading-text\">Rev\u00edsanos<\/h2><\/div>\n\n\n\n<div class=\"wp-block-uagb-social-share uagb-social-share__outer-wrap uagb-social-share__layout-horizontal uagb-block-0bf0bec1\">\n<div class=\"wp-block-uagb-social-share-child uagb-ss-repeater uagb-ss__wrapper uagb-block-6e3d74e5\"><span class=\"uagb-ss__link\" data-href=\"https:\/\/www.facebook.com\/sharer.php?u=\" tabindex=\"0\" role=\"button\" aria-label=\"facebook\"><span class=\"uagb-ss__source-wrap\"><span class=\"uagb-ss__source-icon\"><svg xmlns=\"https:\/\/www.w3.org\/2000\/svg\" viewBox=\"0 0 512 512\"><path d=\"M504 256C504 119 393 8 256 8S8 119 8 256c0 123.8 90.69 226.4 209.3 245V327.7h-63V256h63v-54.64c0-62.15 37-96.48 93.67-96.48 27.14 0 55.52 4.84 55.52 4.84v61h-31.28c-30.8 0-40.41 19.12-40.41 38.73V256h68.78l-11 71.69h-57.78V501C413.3 482.4 504 379.8 504 256z\"><\/path><\/svg><\/span><\/span><\/span><\/div>\n\n\n\n<div class=\"wp-block-uagb-social-share-child uagb-ss-repeater uagb-ss__wrapper uagb-block-660801b5\"><span class=\"uagb-ss__link\" data-href=\"https:\/\/twitter.com\/share?url=\" tabindex=\"0\" role=\"button\" aria-label=\"twitter\"><span class=\"uagb-ss__source-wrap\"><img decoding=\"async\" class=\"uagb-ss__source-image\" src=\"https:\/\/docdaya.ec\/wp-content\/uploads\/2023\/10\/instagram-logo-photo-1581266.jpg\" alt=\"instagram, logo, photo-1581266.jpg\" width=\"14\" height=\"13\" loading=\"lazy\"\/><\/span><\/span><\/div>\n\n\n\n<div class=\"wp-block-uagb-social-share-child uagb-ss-repeater uagb-ss__wrapper uagb-block-c7f7a049\"><span class=\"uagb-ss__link\" data-href=\"https:\/\/pinterest.com\/pin\/create\/link\/?url=\" tabindex=\"0\" role=\"button\" aria-label=\"pinterest\"><span class=\"uagb-ss__source-wrap\"><span class=\"uagb-ss__source-icon\"><svg xmlns=\"https:\/\/www.w3.org\/2000\/svg\" viewBox=\"0 0 448 512\"><path d=\"M448 209.9a210.1 210.1 0 0 1 -122.8-39.25V349.4A162.6 162.6 0 1 1 185 188.3V278.2a74.62 74.62 0 1 0 52.23 71.18V0l88 0a121.2 121.2 0 0 0 1.86 22.17h0A122.2 122.2 0 0 0 381 102.4a121.4 121.4 0 0 0 67 20.14z\"><\/path><\/svg><\/span><\/span><\/span><\/div>\n\n\n\n<div class=\"wp-block-uagb-social-share-child uagb-ss-repeater uagb-ss__wrapper uagb-block-73493950\"><span class=\"uagb-ss__link\" data-href=\"https:\/\/api.whatsapp.com\/send?text=\" tabindex=\"0\" role=\"button\" aria-label=\"whatsapp\"><span class=\"uagb-ss__source-wrap\"><span class=\"uagb-ss__source-icon\"><svg xmlns=\"https:\/\/www.w3.org\/2000\/svg\" viewBox=\"0 0 448 512\"><path d=\"M380.9 97.1C339 55.1 283.2 32 223.9 32c-122.4 0-222 99.6-222 222 0 39.1 10.2 77.3 29.6 111L0 480l117.7-30.9c32.4 17.7 68.9 27 106.1 27h.1c122.3 0 224.1-99.6 224.1-222 0-59.3-25.2-115-67.1-157zm-157 341.6c-33.2 0-65.7-8.9-94-25.7l-6.7-4-69.8 18.3L72 359.2l-4.4-7c-18.5-29.4-28.2-63.3-28.2-98.2 0-101.7 82.8-184.5 184.6-184.5 49.3 0 95.6 19.2 130.4 54.1 34.8 34.9 56.2 81.2 56.1 130.5 0 101.8-84.9 184.6-186.6 184.6zm101.2-138.2c-5.5-2.8-32.8-16.2-37.9-18-5.1-1.9-8.8-2.8-12.5 2.8-3.7 5.6-14.3 18-17.6 21.8-3.2 3.7-6.5 4.2-12 1.4-32.6-16.3-54-29.1-75.5-66-5.7-9.8 5.7-9.1 16.3-30.3 1.8-3.7 .9-6.9-.5-9.7-1.4-2.8-12.5-30.1-17.1-41.2-4.5-10.8-9.1-9.3-12.5-9.5-3.2-.2-6.9-.2-10.6-.2-3.7 0-9.7 1.4-14.8 6.9-5.1 5.6-19.4 19-19.4 46.3 0 27.3 19.9 53.7 22.6 57.4 2.8 3.7 39.1 59.7 94.8 83.8 35.2 15.2 49 16.5 66.6 13.9 10.7-1.6 32.8-13.4 37.4-26.4 4.6-13 4.6-24.1 3.2-26.4-1.3-2.5-5-3.9-10.5-6.6z\"><\/path><\/svg><\/span><\/span><\/span><\/div>\n<\/div>\n\n\n\n<div class=\"wp-block-uagb-image aligncenter uagb-block-a04cc2a2 wp-block-uagb-image--layout-default wp-block-uagb-image--effect-static wp-block-uagb-image--align-center\"><figure class=\"wp-block-uagb-image__figure\"><img decoding=\"async\" srcset=\"https:\/\/docdaya.ec\/wp-content\/uploads\/2023\/10\/WhatsApp-Image-2023-10-16-at-21.06.41-1.jpeg ,https:\/\/docdaya.ec\/wp-content\/uploads\/2023\/10\/WhatsApp-Image-2023-10-16-at-21.06.41-1.jpeg 780w, https:\/\/docdaya.ec\/wp-content\/uploads\/2023\/10\/WhatsApp-Image-2023-10-16-at-21.06.41-1.jpeg 360w\" sizes=\"auto, (max-width: 480px) 150px\" src=\"https:\/\/docdaya.ec\/wp-content\/uploads\/2023\/10\/WhatsApp-Image-2023-10-16-at-21.06.41-1.jpeg\" alt=\"\" class=\"uag-image-1952\" width=\"139\" height=\"300\" title=\"\" loading=\"lazy\"\/><\/figure><\/div>\n\n\n\n<div class=\"wp-block-uagb-info-box uagb-block-43cf02b8 uagb-infobox__content-wrap  uagb-infobox-icon-above-title uagb-infobox-image-valign-top\"><div class=\"uagb-ifb-content\"><div class=\"uagb-ifb-icon-wrap\"><svg xmlns=\"https:\/\/www.w3.org\/2000\/svg\" viewBox=\"0 0 448 512\"><path d=\"M96 96C42.98 96 0 138.1 0 192s42.98 96 96 96c11.28 0 21.95-2.305 32-5.879V288c0 35.3-28.7 64-64 64c-17.67 0-32 14.33-32 32s14.33 32 32 32c70.58 0 128-57.42 128-128V192C192 138.1 149 96 96 96zM448 192c0-53.02-42.98-96-96-96s-96 42.98-96 96s42.98 96 96 96c11.28 0 21.95-2.305 32-5.879V288c0 35.3-28.7 64-64 64c-17.67 0-32 14.33-32 32s14.33 32 32 32c70.58 0 128-57.42 128-128V192z\"><\/path><\/svg><\/div><div class=\"uagb-ifb-title-wrap\"><\/div><p class=\"uagb-ifb-desc\">Me gustar\u00eda expresarle mi m\u00e1s sincero agradecimiento por el excelente tratamiento est\u00e9tico que me ha brindado recientemente. Estoy extremadamente satisfecha con los resultados y el nivel de profesionalismo que ha demostr\u00f3 durante todo el procedimiento. Desde el primer momento que me puse en tu manos, sent\u00ed una gran confianza en sus habilidades y conocimientos. Su atenci\u00f3n personalizada y su disposici\u00f3n para responder todas mis preguntas y preocupaciones fueron muy apreciadas. Adem\u00e1s, valoro mucho su capacidad para explicar detalladamente cada paso del proceso, lo cual me brind\u00f3 tranquilidad y confianza en su experiencia.<br>Adem\u00e1s de los resultados est\u00e9ticos notables que he obtenido, tambi\u00e9n quiero destacar el ambiente c\u00e1lido y acogedor de su consultorio.<\/p><\/div><\/div>\n\n\n\n<div class=\"wp-block-uagb-advanced-heading uagb-block-0b4a7625\"><h6 class=\"uagb-heading-text\">Cliente Feliz\u200b<\/h6><\/div>\n<\/div><\/div>\n","protected":false},"excerpt":{"rendered":"<p>Challuabamba, Cuenca Centro Est\u00e9tico\u200b Integral Doc Daya \u200bTe espero para que empecemos a sentirnos bien en nuestra propia piel Servicios que te ofrezco . Limpieza Facial Profunda Otro nivel de higienizaci\u00f3n facial, con productos altamente calificados y de la mano de Doc Daya, donde adaptaremos nuestros protocolos a las necesidades de tu piel Peeling y [&hellip;]<\/p>\n","protected":false},"author":1,"featured_media":0,"parent":0,"menu_order":0,"comment_status":"closed","ping_status":"closed","template":"","meta":{"_uag_custom_page_level_css":"","site-sidebar-layout":"no-sidebar","site-content-layout":"plain-container","ast-site-content-layout":"normal-width-container","site-content-style":"unboxed","site-sidebar-style":"unboxed","ast-global-header-display":"","ast-banner-title-visibility":"","ast-main-header-display":"","ast-hfb-above-header-display":"","ast-hfb-below-header-display":"","ast-hfb-mobile-header-display":"","site-post-title":"disabled","ast-breadcrumbs-content":"disabled","ast-featured-img":"disabled","footer-sml-layout":"","theme-transparent-header-meta":"enabled","adv-header-id-meta":"","stick-header-meta":"","header-above-stick-meta":"","header-main-stick-meta":"","header-below-stick-meta":"","astra-migrate-meta-layouts":"set","ast-page-background-enabled":"default","ast-page-background-meta":{"desktop":{"background-color":"","background-image":"","background-repeat":"repeat","background-position":"center center","background-size":"auto","background-attachment":"scroll","background-type":"","background-media":"","overlay-type":"","overlay-color":"","overlay-opacity":"","overlay-gradient":""},"tablet":{"background-color":"","background-image":"","background-repeat":"repeat","background-position":"center center","background-size":"auto","background-attachment":"scroll","background-type":"","background-media":"","overlay-type":"","overlay-color":"","overlay-opacity":"","overlay-gradient":""},"mobile":{"background-color":"","background-image":"","background-repeat":"repeat","background-position":"center center","background-size":"auto","background-attachment":"scroll","background-type":"","background-media":"","overlay-type":"","overlay-color":"","overlay-opacity":"","overlay-gradient":""}},"ast-content-background-meta":{"desktop":{"background-color":"var(--ast-global-color-5)","background-image":"","background-repeat":"repeat","background-position":"center center","background-size":"auto","background-attachment":"scroll","background-type":"","background-media":"","overlay-type":"","overlay-color":"","overlay-opacity":"","overlay-gradient":""},"tablet":{"background-color":"var(--ast-global-color-5)","background-image":"","background-repeat":"repeat","background-position":"center center","background-size":"auto","background-attachment":"scroll","background-type":"","background-media":"","overlay-type":"","overlay-color":"","overlay-opacity":"","overlay-gradient":""},"mobile":{"background-color":"var(--ast-global-color-5)","background-image":"","background-repeat":"repeat","background-position":"center center","background-size":"auto","background-attachment":"scroll","background-type":"","background-media":"","overlay-type":"","overlay-color":"","overlay-opacity":"","overlay-gradient":""}},"footnotes":""},"class_list":["post-1299","page","type-page","status-publish","hentry"],"uagb_featured_image_src":{"full":false,"thumbnail":false,"medium":false,"medium_large":false,"large":false,"1536x1536":false,"2048x2048":false},"uagb_author_info":{"display_name":"admin","author_link":"https:\/\/docdaya.ec\/?author=1"},"uagb_comment_info":0,"uagb_excerpt":"Challuabamba, Cuenca Centro Est\u00e9tico\u200b Integral Doc Daya \u200bTe espero para que empecemos a sentirnos bien en nuestra propia piel Servicios que te ofrezco . Limpieza Facial Profunda Otro nivel de higienizaci\u00f3n facial, con productos altamente calificados y de la mano de Doc Daya, donde adaptaremos nuestros protocolos a las necesidades de tu piel Peeling y&hellip;","_links":{"self":[{"href":"https:\/\/docdaya.ec\/index.php?rest_route=\/wp\/v2\/pages\/1299","targetHints":{"allow":["GET"]}}],"collection":[{"href":"https:\/\/docdaya.ec\/index.php?rest_route=\/wp\/v2\/pages"}],"about":[{"href":"https:\/\/docdaya.ec\/index.php?rest_route=\/wp\/v2\/types\/page"}],"author":[{"embeddable":true,"href":"https:\/\/docdaya.ec\/index.php?rest_route=\/wp\/v2\/users\/1"}],"replies":[{"embeddable":true,"href":"https:\/\/docdaya.ec\/index.php?rest_route=%2Fwp%2Fv2%2Fcomments&post=1299"}],"version-history":[{"count":16,"href":"https:\/\/docdaya.ec\/index.php?rest_route=\/wp\/v2\/pages\/1299\/revisions"}],"predecessor-version":[{"id":1958,"href":"https:\/\/docdaya.ec\/index.php?rest_route=\/wp\/v2\/pages\/1299\/revisions\/1958"}],"wp:attachment":[{"href":"https:\/\/docdaya.ec\/index.php?rest_route=%2Fwp%2Fv2%2Fmedia&parent=1299"}],"curies":[{"name":"wp","href":"https:\/\/api.w.org\/{rel}","templated":true}]}}